{"id":9,"date":"2022-06-28T14:48:29","date_gmt":"2022-06-28T14:48:29","guid":{"rendered":"https:\/\/messzehangzo.hu\/new\/?page_id=9"},"modified":"2022-07-23T05:28:25","modified_gmt":"2022-07-23T05:28:25","slug":"kikert-csinaljuk","status":"publish","type":"page","link":"https:\/\/messzehangzo.hu\/new\/index.php\/kikert-csinaljuk\/","title":{"rendered":"Kik\u00e9rt csin\u00e1ljuk?"},"content":{"rendered":"<p>Neh\u00e9z k\u00f6r\u00fclm\u00e9nyek k\u00f6z\u00f6tt \u00e9l\u0151, koroszt\u00e1lyukb\u00f3l k\u00e9pess\u00e9geikkel kiemelked\u0151, 12-18 \u00e9ves di\u00e1kok\u00e9rt.<\/p>\n<p><!--more--><\/p>\n<p>A Messzehangz\u00f3 Alap\u00edtv\u00e1ny tehets\u00e9ggondoz\u00f3 tev\u00e9kenys\u00e9g\u00e9vel a szociokultur\u00e1lisan h\u00e1tr\u00e1nyos helyzet\u0171, koroszt\u00e1lyukb\u00f3l m\u0171v\u00e9szeti, term\u00e9szettudom\u00e1nyos vagy informatikai k\u00e9pess\u00e9g\u00fckkel kiemelked\u0151 gyermekeket t\u00e1mogatja. T\u00e9r\u00edt\u00e9smentes tehets\u00e9gfejleszt\u0151 \u00e9vk\u00f6zi programjainkkal \u00e9s t\u00e1borainkkal, valamint \u00f6szt\u00f6nd\u00edjrendszer\u00fcnkkel kb. \u00e9vente 1000 f\u0151 magyarorsz\u00e1gi \u00e9s hat\u00e1ront\u00fali, 12-18 \u00e9ves di\u00e1kot \u00e9r\u00fcnk el.<\/p>\n<p><a href=\"https:\/\/messzehangzo.hu\/new\/wp-content\/uploads\/2022\/07\/kiadvany.jpg\" target=\"_blank\" rel=\"noopener\">BEMUTATKOZNAK \u00d6SZT\u00d6ND\u00cdJASAINK<\/a><\/p>\n","protected":false},"excerpt":{"rendered":"<p>Neh\u00e9z k\u00f6r\u00fclm\u00e9nyek k\u00f6z\u00f6tt \u00e9l\u0151, koroszt\u00e1lyukb\u00f3l k\u00e9pess\u00e9geikkel kiemelked\u0151, 12-18 \u00e9ves di\u00e1kok\u00e9rt.<\/p>\n","protected":false},"author":1,"featured_media":237,"parent":0,"menu_order":0,"comment_status":"closed","ping_status":"closed","template":"","meta":{"footnotes":""},"categories":[],"tags":[],"class_list":["post-9","page","type-page","status-publish","has-post-thumbnail","hentry"],"_links":{"self":[{"href":"https:\/\/messzehangzo.hu\/new\/index.php\/wp-json\/wp\/v2\/pages\/9","targetHints":{"allow":["GET"]}}],"collection":[{"href":"https:\/\/messzehangzo.hu\/new\/index.php\/wp-json\/wp\/v2\/pages"}],"about":[{"href":"https:\/\/messzehangzo.hu\/new\/index.php\/wp-json\/wp\/v2\/types\/page"}],"author":[{"embeddable":true,"href":"https:\/\/messzehangzo.hu\/new\/index.php\/wp-json\/wp\/v2\/users\/1"}],"replies":[{"embeddable":true,"href":"https:\/\/messzehangzo.hu\/new\/index.php\/wp-json\/wp\/v2\/comments?post=9"}],"version-history":[{"count":8,"href":"https:\/\/messzehangzo.hu\/new\/index.php\/wp-json\/wp\/v2\/pages\/9\/revisions"}],"predecessor-version":[{"id":581,"href":"https:\/\/messzehangzo.hu\/new\/index.php\/wp-json\/wp\/v2\/pages\/9\/revisions\/581"}],"wp:featuredmedia":[{"embeddable":true,"href":"https:\/\/messzehangzo.hu\/new\/index.php\/wp-json\/wp\/v2\/media\/237"}],"wp:attachment":[{"href":"https:\/\/messzehangzo.hu\/new\/index.php\/wp-json\/wp\/v2\/media?parent=9"}],"wp:term":[{"taxonomy":"category","embeddable":true,"href":"https:\/\/messzehangzo.hu\/new\/index.php\/wp-json\/wp\/v2\/categories?post=9"},{"taxonomy":"post_tag","embeddable":true,"href":"https:\/\/messzehangzo.hu\/new\/index.php\/wp-json\/wp\/v2\/tags?post=9"}],"curies":[{"name":"wp","href":"https:\/\/api.w.org\/{rel}","templated":true}]}}