{"id":293,"date":"2022-07-07T14:25:58","date_gmt":"2022-07-07T14:25:58","guid":{"rendered":"https:\/\/messzehangzo.hu\/new\/?page_id=293"},"modified":"2025-07-28T09:57:56","modified_gmt":"2025-07-28T09:57:56","slug":"sajtomegjelenesek","status":"publish","type":"page","link":"https:\/\/messzehangzo.hu\/new\/index.php\/sajtomegjelenesek\/","title":{"rendered":"Sajt\u00f3megjelen\u00e9sek"},"content":{"rendered":"<div class=\"et_pb_text et_pb_module et_pb_bg_layout_light et_pb_text_align_left et_pb_text_0\">\n<ul>\n<li><a href=\"http:\/\/os.mti.hu\/hirek\/153296\/a_messzehangzo_tehetsegek_alapitvany_kozlemenye\" target=\"_blank\" rel=\"noopener noreferrer\">Messzehangz\u00f3 tehets\u00e9g-t\u00e1mogat\u00e1si rendszer meghosszabb\u00edtva \u2013 MTI sajt\u00f3k\u00f6zlem\u00e9ny 2020<\/a><\/li>\n<li><a href=\"http:\/\/os.mti.hu\/hirek\/155494\/a_messzehangzo_tehetsegek_alapitvany_kozlemenye\" target=\"_blank\" rel=\"noopener noreferrer\">Messzehangz\u00f3 tehets\u00e9g-t\u00e1mogat\u00e1si rendszer eredm\u00e9nyhirdet\u00e9s \u2013 MTI sajt\u00f3k\u00f6zlem\u00e9ny 2020<\/a><\/li>\n<li><a href=\"https:\/\/www.facebook.com\/grecsokrisztian\/photos\/a.513272278730664\/2353334371391103\/?type=3&amp;theater\" target=\"_blank\" rel=\"noopener noreferrer\">A Messzehangz\u00f3 t\u00e1borban\u2026 \u2013 Grecs\u00f3 Kriszti\u00e1n oldala 2019<\/a><\/li>\n<li><a href=\"http:\/\/os.mti.hu\/hirek\/146976\/a_messzehangzo_tehetsegek_alapitvany_kozlemenye\" target=\"_blank\" rel=\"noopener noreferrer\">Messzehangz\u00f3 Di\u00e1kakad\u00e9mia el\u0151ad\u00e1sok \u2013 MTI sajt\u00f3k\u00f6zlem\u00e9ny 2019<\/a><\/li>\n<li><a href=\"https:\/\/computerworld.hu\/uzlet\/ajandek-a-upc-directtol-267595.html\" target=\"_blank\" rel=\"noopener noreferrer\">Aj\u00e1nd\u00e9k a gyermekeknek \u2013 Computerworld, 2019<\/a><\/li>\n<li><a href=\"https:\/\/bdpst24.hu\/2019\/08\/27\/hatranyos-helyzetu-gyerekek-nyari-taborozasat-tamogatja-a-upc-direct\/\" target=\"_blank\" rel=\"noopener noreferrer\">H\u00e1tr\u00e1nyos helyzet\u0171 gyerekek ny\u00e1ri t\u00e1boroz\u00e1sa\u2026 \u2013 BDPST<\/a><\/li>\n<li><a href=\"https:\/\/www.mmonline.hu\/cikk\/gyerekeknek-segitett-a-upc-direct\/\" target=\"_blank\" rel=\"noopener noreferrer\">Gyerekeknek seg\u00edtett a UPC Direct<\/a><\/li>\n<li><a href=\"http:\/\/hirek.prim.hu\/cikk\/2019\/08\/28\/hatranyos_helyzetu_gyerekek_nyari_taborozasat_tamogatja_a_upc_direct\" target=\"_blank\" rel=\"noopener noreferrer\">H\u00e1tr\u00e1nyos helyzet\u0171 gyerekek ny\u00e1ri t\u00e1boroz\u00e1s\u00e1t t\u00e1mogatja\u2026 \u2013 Pr\u00edm online, 2019<\/a><\/li>\n<li><a href=\"http:\/\/www.edisonplatform.hu\/edison100\/messzehangzo-tehetsegek-alapitvany\/\" target=\"_blank\" rel=\"noopener noreferrer\">Edison 100 lista \u2013 Edisonplatform 2019<\/a><\/li>\n<li><a href=\"http:\/\/os.mti.hu\/hirek\/144925\/a_messzehangzo_tehetsegek_alapitvany_kozlemenye\" target=\"_blank\" rel=\"noopener noreferrer\">Ny\u00e1ri t\u00e1borok tehets\u00e9ges gyerekeknek \u2013 MTI sajt\u00f3k\u00f6zlem\u00e9ny 2019<\/a><\/li>\n<li><a href=\"https:\/\/index.hu\/mindekozben\/poszt\/2019\/05\/20\/iden_is_rendeznek_ingyenes_taborokat_hatranyos_helyzetu_gyerekeknek\/\" target=\"_blank\" rel=\"noopener noreferrer\">Id\u00e9n is rendeznek ingyenes t\u00e1borokat a h\u00e1tr\u00e1nyos helyzet\u0171 gyerekeknek \u2013 Index 2019<\/a><\/li>\n<li><a href=\"https:\/\/wmn.hu\/ugy\/49874-a-tehetseg-elott-neha-muszaj-utat-torni\">A tehets\u00e9g el\u0151tt n\u00e9ha musz\u00e1j utat t\u00f6rni \u2013\u00a0<\/a><a href=\"http:\/\/wmn.hu\/\" target=\"_blank\" rel=\"noopener noreferrer\" data-saferedirecturl=\"https:\/\/www.google.com\/url?q=http:\/\/wmn.hu\/&amp;source=gmail&amp;ust=1547545222675000&amp;usg=AFQjCNFRDXaESGLa6RcfaJSfAThULoIEEA\">wmn.hu<\/a><a href=\"https:\/\/wmn.hu\/ugy\/49874-a-tehetseg-elott-neha-muszaj-utat-torni\"> 2019<\/a><\/li>\n<li><a href=\"https:\/\/www.facebook.com\/notes\/cappy\/cappy-a-j%C3%B3-tett-%C3%A9rz%C3%A9se-j%C3%B3-%C3%ADz%C5%B1-j%C3%B3t%C3%A9konys%C3%A1gi-kamp%C3%A1ny-le%C3%ADr%C3%A1sa\/2036645309727502\/\">Cappy j\u00f3t\u00e9konys\u00e1gi kamp\u00e1ny \u2013 Cappy Facebook oldala 2018-2019<\/a><\/li>\n<li><a href=\"https:\/\/www.facebook.com\/juhaszannna\/posts\/10156828183439188\">A Messzehangz\u00f3 Tehets\u00e9gek Alap\u00edtv\u00e1ny \u00f6szt\u00f6nd\u00edj \u00e1tad\u00f3j\u00e1n voltunk\u00a0 \u2013 Juh\u00e1sz Anna irodalm\u00e1r oldala 2018\u00a0<\/a><\/li>\n<li><a href=\"http:\/\/vigszinhaz.hu\/hir.php?mid=68ybSjmDwXZf7Dxoq38YZ3\">Eszenyi Enik\u0151 volt a M\u0171v\u00e9sz leszek! Tud\u00f3s leszek! \u00f6szt\u00f6nd\u00edj \u00e1tad\u00f3 f\u0151v\u00e9dn\u00f6ke \u2013 vigszinhaz.hu 2018<\/a><\/li>\n<li><a href=\"http:\/\/os.mti.hu\/hirek\/139588\/a_messzehangzo_tehetsegek_alapitvany_kozlemenye\">M\u0171v\u00e9sz Leszek! Tud\u00f3s Leszek! \u00d6szt\u00f6nd\u00edj p\u00e1ly\u00e1zat\u00a0 \u2013 \u00a0MTI sajt\u00f3k\u00f6zlem\u00e9ny 2018<\/a><\/li>\n<li><a href=\"https:\/\/www.hrportal.hu\/hr\/iden-is-elkotelezett-a-tehetseggondozasban-a-upc-direct-20180319.html\" target=\"_blank\" rel=\"noopener noreferrer\">Adatkaland informatikai m\u0171hely \u00e9s ny\u00e1ri t\u00e1bor \u2013 HRport\u00e1l 2018<\/a><\/li>\n<li><a href=\"http:\/\/os.mti.hu\/hirek\/135343\/a_messzehangzo_tehetsegek_alapitvany_kozlemenye\" target=\"_blank\" rel=\"noopener noreferrer\">Ny\u00e1ri tehets\u00e9ggondoz\u00f3 \u00e9s \u00f6nismereti kamasz t\u00e1bor \u2013\u00a0MTI sajt\u00f3k\u00f6zlem\u00e9ny 2018<\/a><\/li>\n<li><a href=\"http:\/\/os.mti.hu\/hirek\/133632\/a_messzehangzo_tehetsegek_alapitvany_kozlemenye\" target=\"_blank\" rel=\"noopener noreferrer\">\u00c9RTE-m TE-tetted D\u00edj pedag\u00f3gusok elismer\u00e9s\u00e9re \u2013 p\u00e1ly\u00e1zat\u00a0 \u2013\u00a0\u00a0MTI sajt\u00f3k\u00f6zlem\u00e9ny 2018<\/a><\/li>\n<li><a href=\"http:\/\/os.mti.hu\/hirek\/134830\/a_messzehangzo_tehetsegek_alapitvany_kozlemenye\" target=\"_blank\" rel=\"noopener noreferrer\">\u00c9RTE-m TE-tetted D\u00edj \u2013\u00a0\u00a0MTI sajt\u00f3k\u00f6zlem\u00e9ny 2018\u00a0<\/a><\/li>\n<li><a href=\"https:\/\/index.hu\/mindekozben\/poszt\/2017\/04\/21\/kozel_2000_db_rubik-kockabol_allo_ketoldalu_mozaikkep_kirakasa\/\" target=\"_blank\" rel=\"noopener noreferrer\">2000 Rubik-kock\u00e1b\u00f3l raknak \u00f6ssze egy k\u00e9toldal\u00fa mozaikk\u00e9pet a h\u00e9tv\u00e9g\u00e9n \u2013 Index 2017<\/a><\/li>\n<li><a href=\"https:\/\/drive.google.com\/open?id=0BwNDxhkgCSi7LTJ3dHFqNlBNU0xYOGx5X2xXUjZEajVxYUM0\" target=\"_blank\" rel=\"noopener noreferrer\">A B\u00c1V Zrt. j\u00f3t\u00e9konys\u00e1gi aukci\u00f3ja \u2013 Vil\u00e1ggazdas\u00e1g 2017<\/a><\/li>\n<li><a href=\"https:\/\/drive.google.com\/file\/d\/0Bzzm0YCMG44TNWpkcHZhRkdUZzg\/view\" target=\"_blank\" rel=\"noopener noreferrer\">K\u00f6zel j\u00f6ttek a sorsok \u2013 Forbes Magazin 2017<\/a><\/li>\n<li><a href=\"http:\/\/os.mti.hu\/hirek\/125817\/a_messzehangzo_tehetsegek_alapitvany_kozlemenye\" target=\"_blank\" rel=\"noopener noreferrer\">Csod\u00e1latos KOCK\u00c1zatok c\u00edmmel a legnagyobb magyar k\u00e9toldal\u00fa Rubik-kocka mozaik \u2013\u00a0MTI sajt\u00f3k\u00f6zlem\u00e9ny 2017<\/a><\/li>\n<li><a href=\"http:\/\/gyermekapolas.hu\/egeszseg-hirek\/termeszettudomanyos-projekteken-dolgoztak-gyerekek-messzehangzo-tehetsegek-alapitvany-tehetseggondozo-taboraiban-upc-direct-tamogatasaval\" target=\"_blank\" rel=\"noopener noreferrer\">Term\u00e9szettudom\u00e1nyos projekteken dolgoztak a gyerekek \u2013\u00a0tantrend.hu\u00a02017<\/a><\/li>\n<li><a href=\"http:\/\/os.mti.hu\/hirek\/127923\/a_messzehangzo_tehetsegek_alapitvany_kozlemenye\" target=\"_blank\" rel=\"noopener noreferrer\">Tehets\u00e9ggondoz\u00f3 ny\u00e1ri t\u00e1borok \u2013\u00a0\u00a0MTI sajt\u00f3k\u00f6zlem\u00e9ny 2017<\/a><\/li>\n<li><a href=\"https:\/\/www.mmonline.hu\/cikk\/tehetseges-gyerekeket-segit-az-omd\/\" target=\"_blank\" rel=\"noopener noreferrer\">Digit\u00e1lis Vil\u00e1g info-kommunik\u00e1ci\u00f3s workshop \u2013 mmonline 2017<\/a><\/li>\n<li><a href=\"http:\/\/os.mti.hu\/hirek\/127506\/a_messzehangzo_tehetsegek_alapitvany_kozlemenye\" target=\"_blank\" rel=\"noopener noreferrer\">\u00d6szt\u00f6nd\u00edjp\u00e1ly\u00e1zat h\u00e1tr\u00e1nyos helyzet\u0171 gyermekeknek\u00a0\u2013\u00a0\u00a0MTI sajt\u00f3k\u00f6zlem\u00e9ny 2017<\/a><\/li>\n<li><a href=\"http:\/\/os.mti.hu\/hirek\/127276\/a_messzehangzo_tehetsegek_alapitvany_kozlemenye\" target=\"_blank\" rel=\"noopener noreferrer\">Mes\u00e9s \u00e9p\u00edt\u00e9szet interakt\u00edv, ismeretterjeszt\u0151 gyermekfoglalkoz\u00e1s \u2013\u00a0\u00a0MTI sajt\u00f3k\u00f6zlem\u00e9ny 2017<\/a><\/li>\n<li><a href=\"http:\/\/os.mti.hu\/hirek\/118560\/a_messzehangzo_tehetsegek_alapitvany_kozlemenye\" target=\"_blank\" rel=\"noopener noreferrer\">Messzehangz\u00f3 ny\u00e1ri t\u00e1borok 2016 \u2013\u00a0MTI sajt\u00f3k\u00f6zlem\u00e9ny 2016<\/a><\/li>\n<li><a href=\"https:\/\/index.hu\/mindekozben\/poszt\/2016\/05\/26\/a_vilag_legnagyaobb_fakockatornya_keszul_epp_budan\/\" target=\"_blank\" rel=\"noopener noreferrer\">A vil\u00e1g legnagyobb fakockatornya k\u00e9sz\u00fcl \u00e9pp Bud\u00e1n \u2013 Index 1016<\/a><\/li>\n<li><a href=\"https:\/\/tervlap.hu\/cikk\/show\/id\/4491\" target=\"_blank\" rel=\"noopener noreferrer\">Ki\u00e9 lesz a legmagasabb j\u00e1t\u00e9ktorony? \u2013 Tervlap.hu 2016<\/a><\/li>\n<li><a href=\"http:\/\/epiteszforum.hu\/epiteszet-gyerekjatek1\" target=\"_blank\" rel=\"noopener noreferrer\">\u00c9p\u00edt\u00e9szet? Gyerekj\u00e1t\u00e9k! \u2013 \u00c9p\u00edt\u00e9szf\u00f3rum.hu 2016\u00a0<\/a><\/li>\n<li><a href=\"http:\/\/os.mti.hu\/hirek\/117394\/a_messzehangzo_tehetsegek_alapitvany_kozlemenye\" target=\"_blank\" rel=\"noopener noreferrer\">Legmagasabb fa \u00e9p\u00edt\u0151j\u00e1t\u00e9k torony \u2013\u00a0\u00a0MTI sajt\u00f3k\u00f6zlem\u00e9ny 2016<\/a><\/li>\n<li><a href=\"http:\/\/lechnerkozpont.hu\/cikk\/epiteszet-gyerekjatek\" target=\"_blank\" rel=\"noopener noreferrer\">\u00c9p\u00edt\u00e9szet? Gyerekj\u00e1t\u00e9k! \u2013 Lechner Tud\u00e1sk\u00f6zpont 2016\u00a0\u00a0<\/a><\/li>\n<li><a href=\"https:\/\/2.kerulet.ittlakunk.hu\/kultura-szabadido\/160527\/holnap-dontik-le-messzehangzo-tornyot\" target=\"_blank\" rel=\"noopener noreferrer\">Holnap d\u00f6ntik le a Messzehangz\u00f3 Tornyot \u2013 Ittlakunk.hu II ker\u00fclet 2016<\/a><\/li>\n<li><a href=\"http:\/\/os.mti.hu\/hirek\/104562\/a_messzehangzo_tehetsegek_alapitvany_kozlemenye\" target=\"_blank\" rel=\"noopener noreferrer\">Orsz\u00e1gj\u00e1r\u00f3 m\u0171v\u00e9szetek \u2013 MTI sajt\u00f3k\u00f6zlem\u00e9ny 2015<\/a><\/li>\n<li><a href=\"http:\/\/os.mti.hu\/hirek\/111800\/a_messzehangzo_tehetsegek_alapitvany_kozlemenye\" target=\"_blank\" rel=\"noopener noreferrer\">Orsz\u00e1gj\u00e1r\u00f3 Term\u00e9szettudom\u00e1nyok\u00a0\u00a0\u2013\u00a0MTI sajt\u00f3k\u00f6zlem\u00e9ny 2015<\/a><\/li>\n<li><a href=\"https:\/\/drive.google.com\/open?id=1QrQk-BSNKIUWXfFZ7zEOV_NGnEFbM0uS\" target=\"_blank\" rel=\"noopener noreferrer\">Szerethet\u0151 tudom\u00e1nyok \u2013 N\u00e9pszabads\u00e1g, J\u00f3tett 2015<\/a><\/li>\n<li><a href=\"https:\/\/drive.google.com\/open?id=1RAnqPSX2zJnS5Dv_D8RSKN5e6NaP63TJ\" target=\"_blank\" rel=\"noopener noreferrer\">Tehets\u00e9ggondoz\u00f3 programok Magyarorsz\u00e1gon \u2013 HVG Pszichol\u00f3gia K\u00fcl\u00f6nsz\u00e1m 2015<\/a><\/li>\n<li><a href=\"https:\/\/www.elte.hu\/content\/budapesten-az-elso-magyar-foucault-inga.e.4110\" target=\"_blank\" rel=\"noopener noreferrer\">Budapesten az els\u0151 magyar Foucault-inga \u2013 ELTE online 2015<\/a><\/li>\n<li><a href=\"https:\/\/index.hu\/mindekozben\/poszt\/2015\/11\/08\/foucault_inga_mammut_messzehangzo_alapitvany\/\" target=\"_blank\" rel=\"noopener noreferrer\">A Mammutban \u00e1ll\u00edtj\u00e1k fel \u00fajra az els\u0151, 135 \u00e9ves magyar Foucault-ing\u00e1t \u2013 Index.hu 2015<\/a><\/li>\n<li><a href=\"https:\/\/www.hirado.hu\/galeriak\/foucault-inga-a-mammutban\/\" target=\"_blank\" rel=\"noopener noreferrer\">Foucault-inga a Mammutban \u2013\u00a0hirado.hu\u00a02015<\/a><\/li>\n<li><a href=\"http:\/\/www.innoportal.hu\/a-nap-kepe-megis-forog-a-fold\" target=\"_blank\" rel=\"noopener noreferrer\">A nap k\u00e9pe: m\u00e9gis forog a F\u00f6ld! \u2013 Innoportal.hu 2015<\/a><\/li>\n<li><a href=\"http:\/\/www.ma.hu\/tudomany\/265642\/Es_megis_forog_a_Fold__kepek\" target=\"_blank\" rel=\"noopener noreferrer\">\u00c9s nem is lapos! \u2013\u00a0ma.hu\u00a02015<\/a><\/li>\n<li><a href=\"http:\/\/napmintnap.hu\/fold-forgasat-igazolo-foucault-inga-kiserletbudapesti-mammut-bevasarlokozpontban\/\" target=\"_blank\" rel=\"noopener noreferrer\">A F\u00f6ld forg\u00e1s\u00e1t igazol\u00f3 k\u00eds\u00e9rlet \u2013 Napmintnap.hu 2015<\/a><\/li>\n<li><a href=\"https:\/\/www.szeretlekmagyarorszag.hu\/a-mammutban-allitjak-fel-a-135-eves-foucault-ingat\/\" target=\"_blank\" rel=\"noopener noreferrer\">A Mammutban \u00e1ll\u00edtj\u00e1k fel a 135 \u00e9ves Foucault-ing\u00e1t \u2013 Szeretlek Magyarorsz\u00e1g 2015<\/a><\/li>\n<li><a href=\"https:\/\/nepszava.hu\/1075773_ez-itt-az-en-hazam-e-pur-si-muove\" target=\"_blank\" rel=\"noopener noreferrer\">\u201cEz itt az \u00e9n haz\u00e1m\u2026\u201d \u2013 E pur si muove! \u2013 N\u00e9pszava online 2015<\/a><\/li>\n<li><a href=\"https:\/\/vs.hu\/magazin\/osszes\/es-meg-mindig-mozog-a-fold-itt-amegingathatatlan-bizonyitek-1109\" target=\"_blank\" rel=\"noopener noreferrer\">\u00c9s m\u00e9g mindig mozog a F\u00f6ld \u2013\u00a0vs.hu\u00a02015<\/a><\/li>\n<li><a href=\"http:\/\/infovilag.hu\/hir-29033-messzehangzo_tehetsegek_jubileumi_gyerme.html\" target=\"_blank\" rel=\"noopener noreferrer\">A Messzehangz\u00f3 Tehets\u00e9gek: jubileumi gyermekg\u00e1la, Balk\u00e1n Fanatik-koncert \u2013 InfoVil\u00e1g 2014<\/a><\/li>\n<li><a href=\"https:\/\/drive.google.com\/open?id=16OTIbR5aS6odyeAWJNimBbOetWD15x73\" target=\"_blank\" rel=\"noopener noreferrer\">\u00d6t\u00e9ves jubileum g\u00e1lam\u0171sorral \u2013 N\u00e9pszabads\u00e1g Online 2014<\/a><\/li>\n<li><a href=\"https:\/\/drive.google.com\/open?id=1mlRoW8EQP93SP8UqLh9GfAOVKOG5WAoV\" target=\"_blank\" rel=\"noopener noreferrer\">Neh\u00e9z sors\u00fa gyermekeket vezet be a sz\u00edn\u00e9szetbe Eperjes K\u00e1roly \u2013 Kaposv\u00e1rMost 2014<\/a><\/li>\n<li><a href=\"https:\/\/drive.google.com\/open?id=1Zog78G6eUqnrYqRai0jyMdw-foZ7bn1m\" target=\"_blank\" rel=\"noopener noreferrer\">Szerethet\u0151 tudom\u00e1nyok \u2013 N\u00e9pszabads\u00e1g Online 2013<\/a><\/li>\n<li><a href=\"https:\/\/drive.google.com\/open?id=1F4iQpMaraD_cNuCBzb9isjWpNYczd-R8\" target=\"_blank\" rel=\"noopener noreferrer\">Sz\u00ednes vil\u00e1gban tehets\u00e9ges fiatalok\u00e9rt \u2013 Napi Gazdas\u00e1g, Mec\u00e9n\u00e1sok Klubja 2013<\/a><\/li>\n<li><a href=\"https:\/\/nepszava.hu\/articles\/article.php?id=630785\" target=\"_blank\" rel=\"noopener noreferrer\">Messzehangz\u00f3 tehets\u00e9gek \u2013 N\u00e9pszava Online 2013<\/a><\/li>\n<li><a href=\"https:\/\/drive.google.com\/open?id=0BwNDxhkgCSi7VnE0ajNjMUtRUVU\" target=\"_blank\" rel=\"noopener noreferrer\">A gy\u0151ztes mindent visz \u2013 T\u00e9rplasztik\u00e1ban \u00e1br\u00e1zolta a vil\u00e1got \u00e9s Eur\u00f3p\u00e1t a 13 \u00e9ves Koml\u00f3di Zita \u2013 2013<\/a><\/li>\n<li><a href=\"https:\/\/drive.google.com\/open?id=0BwNDxhkgCSi7YlJpVHlNeF9EdEk\" target=\"_blank\" rel=\"noopener noreferrer\">Olimpiai l\u00e1z a gyerekt\u00e1borban \u2013 \u00dajbuda \u2013 A XI. ker\u00fclet k\u00f6z\u00e9leti lapja 2012<\/a><\/li>\n<li><a href=\"https:\/\/drive.google.com\/open?id=1tA0YPaiXnya8PDIfrtACKeOm7G82ErB3\" target=\"_blank\" rel=\"noopener noreferrer\">Messzehangz\u00f3-id\u0151utaz\u00e1s \u2013 N\u00e9pszabads\u00e1g, J\u00f3tett 2012<\/a><\/li>\n<li><a href=\"https:\/\/drive.google.com\/open?id=1WgfpS1mS5R4icPcOkn39J2jW8UIlL3we\" target=\"_blank\" rel=\"noopener noreferrer\">K\u00f6sz\u00f6nj\u00fck az egy\u00fcttm\u0171k\u00f6d\u00e9st! \u2013 Napi Gazdas\u00e1g 2012<\/a><\/li>\n<li><a href=\"https:\/\/drive.google.com\/open?id=0BwNDxhkgCSi7bDV3VWJJdFExWlE\" target=\"_blank\" rel=\"noopener noreferrer\">Messzehangz\u00f3 Tehets\u00e9gek t\u00e1bora \u2013 N\u00e9pszabads\u00e1g, J\u00f3tett 2011<\/a><\/li>\n<li><a href=\"http:\/\/geniuszportal.hu\/content\/messzehangzo-tehetsegek-honfoglalok-nyomaban\" target=\"_blank\" rel=\"noopener noreferrer\">Messzehangz\u00f3 tehets\u00e9gek a honfoglal\u00f3k nyom\u00e1ban \u2013 Magyar G\u00e9niusz Port\u00e1l 2011<\/a><\/li>\n<li><a href=\"https:\/\/drive.google.com\/open?id=0BwNDxhkgCSi7TzFQUDN4VjNQWkU\" target=\"_blank\" rel=\"noopener noreferrer\">Saj\u00e1tos gy\u00f6ngyhal\u00e1szat \u2013 N\u00e9pszabads\u00e1g, J\u00f3tett 2011<\/a><\/li>\n<li><a href=\"http:\/\/messzehangzo.hu\/?p=2721\" target=\"_blank\" rel=\"noopener noreferrer\">Technol\u00f3gia a tehets\u00e9gek\u00e9rt \u2013 Brand Trend 2011<\/a><\/li>\n<li><a href=\"https:\/\/drive.google.com\/open?id=0Bzzm0YCMG44Tcmc4OEtXTkU2X0E\" target=\"_blank\" rel=\"noopener noreferrer\">A Messzehangz\u00f3 T\u00e1bor Alap\u00edtv\u00e1ny a Boss magazinban \u2013 Boss magazin 2010<\/a><\/li>\n<li><a href=\"https:\/\/drive.google.com\/open?id=0Bzzm0YCMG44TSURZamM5NkM4Vm8\" target=\"_blank\" rel=\"noopener noreferrer\">Messzehangz\u00f3 Tehets\u00e9gek \u2013 Tehets\u00e9ggondoz\u00f3k konferenci\u00e1ja \u2013 Orsz\u00e1gos Sajt\u00f3szolg\u00e1lat 2010<\/a><\/li>\n<li><a href=\"https:\/\/drive.google.com\/open?id=0Bzzm0YCMG44TcGxKZmFKQlYtVmM\" target=\"_blank\" rel=\"noopener noreferrer\">Messzehangz\u00f3 Tehets\u00e9gek \u2013 Magyar G\u00e9niusz Port\u00e1l 2010<\/a><\/li>\n<li><a href=\"https:\/\/drive.google.com\/open?id=0Bzzm0YCMG44TdF83Q1o4RldLcXc\" target=\"_blank\" rel=\"noopener noreferrer\">Nemzetk\u00f6zi esettanulm\u00e1ny az Alap\u00edtv\u00e1nyr\u00f3l \u2013 NIOK (Civiltech) \u2013 TechSoupGlobal (USA) 2010<\/a><\/li>\n<li><a href=\"https:\/\/drive.google.com\/open?id=0Bzzm0YCMG44TenBwdFJJczJSU2s\" target=\"_blank\" rel=\"noopener noreferrer\">Messzehangz\u00f3 Tehets\u00e9gek \u2013 Tehets\u00e9ggondoz\u00f3k konferenci\u00e1ja \u2013 Sportr\u00e1di\u00f3 2010<\/a><\/li>\n<li><a href=\"https:\/\/drive.google.com\/open?id=0Bzzm0YCMG44TTlRZOFFLYmdKRFk\" target=\"_blank\" rel=\"noopener noreferrer\">Konferencia a tehets\u00e9gment\u00e9s szolg\u00e1lat\u00e1ban \u2013 Magyar Nemzet 2010<\/a><\/li>\n<li><a href=\"https:\/\/drive.google.com\/open?id=0Bzzm0YCMG44TRmxWUDhqeWtLNzA\" target=\"_blank\" rel=\"noopener noreferrer\">J\u00e1t\u00e9kokkal a tehets\u00e9gek\u00e9rt \u2013 Magyar G\u00e9niusz Port\u00e1l \u00a02010<\/a><\/li>\n<li><a href=\"https:\/\/drive.google.com\/open?id=0Bzzm0YCMG44TRVlMeDJ6Q0VKMVE\" target=\"_blank\" rel=\"noopener noreferrer\">Toplista 2010 \u2013 A 9+1 leghat\u00e9konyabb adom\u00e1nygy\u0171jt\u0151 \u2013 Figyel\u0151 2010<\/a><\/li>\n<li><a href=\"https:\/\/drive.google.com\/open?id=0Bzzm0YCMG44TRDQzNmlNT2VLeFU\" target=\"_blank\" rel=\"noopener noreferrer\">Messzehangz\u00f3 tehets\u00e9ggondoz\u00e1s \u2013 Erzs\u00e9betv\u00e1ros 2010<\/a><\/li>\n<li><a href=\"https:\/\/drive.google.com\/open?id=0Bzzm0YCMG44Td1VZS3N1Q2RDcEU\" target=\"_blank\" rel=\"noopener noreferrer\">Akik kil\u00f3gnak a sorb\u00f3l \u2013 Szabad F\u00f6ld port\u00e1l 2010<\/a><\/li>\n<li><a href=\"https:\/\/drive.google.com\/open?id=0Bzzm0YCMG44TYUpUYlY0a21WUWM\" target=\"_blank\" rel=\"noopener noreferrer\">\u00c1rver\u00e9s a tehets\u00e9gek\u00e9rt \u2013 Infovil\u00e1g, H\u00edrmond\u00f3, Ecoline, Vil\u00e1glap Online 2010<\/a><\/li>\n<li><a href=\"https:\/\/drive.google.com\/open?id=0Bzzm0YCMG44TTUJHRWNQWm5Tdk0\" target=\"_blank\" rel=\"noopener noreferrer\">\u00c1rver\u00e9s a tehets\u00e9gek\u00e9rt \u2013 MTI.hu 2010<\/a><\/li>\n<li><a href=\"https:\/\/drive.google.com\/open?id=0Bzzm0YCMG44TRDQzNmlNT2VLeFU\" target=\"_blank\" rel=\"noopener noreferrer\">Messzehangz\u00f3 Tehets\u00e9ggondoz\u00e1s \u2013 Erzs\u00e9betv\u00e1rosi \u00d6nkorm\u00e1nyzati Lap 2010<\/a><\/li>\n<li><a href=\"https:\/\/drive.google.com\/open?id=0Bzzm0YCMG44TVHRPeFBISGZRdDA\" target=\"_blank\" rel=\"noopener noreferrer\">Messzehangz\u00f3 T\u00e1bor \u2013 Magyar Nemzet 2010<\/a><\/li>\n<li><a href=\"https:\/\/drive.google.com\/open?id=0Bzzm0YCMG44TQ3dZQlExYW1HTVk\" target=\"_blank\" rel=\"noopener noreferrer\">Probl\u00e9m\u00e1k\u00a0fedik el a benn\u00fck rejl\u0151 lehet\u0151s\u00e9geket \u2013 Helyi T\u00e9ma 2010<\/a><\/li>\n<li><a href=\"https:\/\/drive.google.com\/open?id=0Bzzm0YCMG44TUC01S1ZpeHZ4N2s\" target=\"_blank\" rel=\"noopener noreferrer\">Szt\u00e1rok seg\u00e9dkeztek a j\u00f3t\u00e9konys\u00e1gi rendezv\u00e9nyen\u00a0\u2013 Blikk 2010<\/a><\/li>\n<li><a href=\"https:\/\/drive.google.com\/open?id=0Bzzm0YCMG44TNW1hMzU5YnhTSVE\" target=\"_blank\" rel=\"noopener noreferrer\">Megalakult a 100. Tehets\u00e9gpont\u00a0\u2013\u00a0Magyar Nemzeti Tehets\u00e9gseg\u00edt\u0151 Tan\u00e1cs 2009<\/a><\/li>\n<li><a href=\"https:\/\/drive.google.com\/open?id=0Bzzm0YCMG44TX215V1R6WUhDT00\" target=\"_blank\" rel=\"noopener noreferrer\">Egyel\u0151re alig kisz\u00e1m\u00edthat\u00f3ak az adom\u00e1nyoz\u00e1sok\u00a0\u2013\u00a0Napi Gazdas\u00e1g 2009<\/a><\/li>\n<li><a href=\"https:\/\/drive.google.com\/open?id=0Bzzm0YCMG44TTnFjWVJPYnR6VVk\" target=\"_blank\" rel=\"noopener noreferrer\">Messzehangz\u00f3 \u00f6sszefog\u00e1s a gyerekek\u00e9rt\u00a0\u2013\u00a0J\u00f3zsefv\u00e1ros, \u00d6nkorm\u00e1nyzati lap<\/a><\/li>\n<li><a href=\"https:\/\/drive.google.com\/open?id=0Bzzm0YCMG44TQk5ZR0lzbnZXMHc\" target=\"_blank\" rel=\"noopener noreferrer\">Messzehangz\u00f3 p\u00e9lda \u2013 t\u00e1borszervez\u00e9s, tehets\u00e9ggondoz\u00e1s\u00a0\u2013\u00a0Szabad F\u00f6ld 2009<\/a><\/li>\n<li><a href=\"https:\/\/drive.google.com\/open?id=0Bzzm0YCMG44TOUFna1JKT1p0aVE\" target=\"_blank\" rel=\"noopener noreferrer\">H\u00e1tr\u00e1nyos helyzet\u0171 gyerekek t\u00e1boroztat\u00e1sa\u00a0\u2013\u00a0Napi Gazdas\u00e1g 2009<\/a><\/li>\n<li><a href=\"https:\/\/drive.google.com\/open?id=0Bzzm0YCMG44TVWo4dnY2MkFtOFE\" target=\"_blank\" rel=\"noopener noreferrer\">Messzehangz\u00f3 T\u00e1bor Alap\u00edtv\u00e1ny j\u00faliusi t\u00e1borok\u00a0\u2013\u00a0Magyar Nemzeti Tehets\u00e9gseg\u00edt\u0151 Tan\u00e1cs 2009<\/a><\/li>\n<li><a href=\"https:\/\/drive.google.com\/open?id=0Bzzm0YCMG44TVmlYMFFoQWswZlU\" target=\"_blank\" rel=\"noopener noreferrer\">Es\u00e9ly a h\u00e1tr\u00e1nyos helyzet\u0171eknek\u00a0\u2013\u00a0Magyar H\u00edrlap 2009<\/a><\/li>\n<li><a href=\"https:\/\/drive.google.com\/open?id=0Bzzm0YCMG44TejFjbDBTMi1oWVk\" target=\"_blank\" rel=\"noopener noreferrer\">M\u00e9g gyerekcip\u0151ben j\u00e1r n\u00e1lunk a t\u00e1rsadalmi felel\u0151ss\u00e9gv\u00e1llal\u00e1s\u00a0\u2013 Magyar H\u00edrlap 2008<\/a><\/li>\n<li><a href=\"https:\/\/drive.google.com\/open?id=0Bzzm0YCMG44TVGh4elpzOWI4SUU\" target=\"_blank\" rel=\"noopener noreferrer\">Messzire n\u00e9znek, messzire sz\u00f3lnak\u00a0\u2013 Napi Gazdas\u00e1g 2008<\/a><\/li>\n<\/ul>\n<\/div>\n","protected":false},"excerpt":{"rendered":"<p>Messzehangz\u00f3 tehets\u00e9g-t\u00e1mogat\u00e1si rendszer meghosszabb\u00edtva \u2013 MTI sajt\u00f3k\u00f6zlem\u00e9ny 2020 Messzehangz\u00f3 tehets\u00e9g-t\u00e1mogat\u00e1si rendszer eredm\u00e9nyhirdet\u00e9s \u2013 MTI sajt\u00f3k\u00f6zlem\u00e9ny 2020 A Messzehangz\u00f3 t\u00e1borban\u2026 \u2013 Grecs\u00f3 Kriszti\u00e1n oldala 2019 Messzehangz\u00f3 Di\u00e1kakad\u00e9mia el\u0151ad\u00e1sok \u2013 MTI sajt\u00f3k\u00f6zlem\u00e9ny&hellip;<\/p>\n","protected":false},"author":1,"featured_media":295,"parent":0,"menu_order":0,"comment_status":"closed","ping_status":"closed","template":"","meta":{"footnotes":""},"categories":[],"tags":[],"class_list":["post-293","page","type-page","status-publish","has-post-thumbnail","hentry"],"_links":{"self":[{"href":"https:\/\/messzehangzo.hu\/new\/index.php\/wp-json\/wp\/v2\/pages\/293","targetHints":{"allow":["GET"]}}],"collection":[{"href":"https:\/\/messzehangzo.hu\/new\/index.php\/wp-json\/wp\/v2\/pages"}],"about":[{"href":"https:\/\/messzehangzo.hu\/new\/index.php\/wp-json\/wp\/v2\/types\/page"}],"author":[{"embeddable":true,"href":"https:\/\/messzehangzo.hu\/new\/index.php\/wp-json\/wp\/v2\/users\/1"}],"replies":[{"embeddable":true,"href":"https:\/\/messzehangzo.hu\/new\/index.php\/wp-json\/wp\/v2\/comments?post=293"}],"version-history":[{"count":2,"href":"https:\/\/messzehangzo.hu\/new\/index.php\/wp-json\/wp\/v2\/pages\/293\/revisions"}],"predecessor-version":[{"id":297,"href":"https:\/\/messzehangzo.hu\/new\/index.php\/wp-json\/wp\/v2\/pages\/293\/revisions\/297"}],"wp:featuredmedia":[{"embeddable":true,"href":"https:\/\/messzehangzo.hu\/new\/index.php\/wp-json\/wp\/v2\/media\/295"}],"wp:attachment":[{"href":"https:\/\/messzehangzo.hu\/new\/index.php\/wp-json\/wp\/v2\/media?parent=293"}],"wp:term":[{"taxonomy":"category","embeddable":true,"href":"https:\/\/messzehangzo.hu\/new\/index.php\/wp-json\/wp\/v2\/categories?post=293"},{"taxonomy":"post_tag","embeddable":true,"href":"https:\/\/messzehangzo.hu\/new\/index.php\/wp-json\/wp\/v2\/tags?post=293"}],"curies":[{"name":"wp","href":"https:\/\/api.w.org\/{rel}","templated":true}]}}