{"id":253,"date":"2022-07-04T05:48:48","date_gmt":"2022-07-04T05:48:48","guid":{"rendered":"https:\/\/messzehangzo.hu\/new\/?page_id=253"},"modified":"2025-04-30T09:30:36","modified_gmt":"2025-04-30T09:30:36","slug":"tamogass","status":"publish","type":"page","link":"https:\/\/messzehangzo.hu\/new\/index.php\/tamogass\/","title":{"rendered":"T\u00e1mogass!"},"content":{"rendered":"<h1>T\u00e1mogatn\u00e1l minket? \u00cdgy tudsz seg\u00edteni!<\/h1>\n<h2>Banksz\u00e1mlasz\u00e1m: 11701004-20234557<\/h2>\n<h2><span style=\"color: #f3c825;\">Mag\u00e1nszem\u00e9lyk\u00e9nt<\/span><\/h2>\n<p>A Messzehangz\u00f3 Tehets\u00e9gek Alap\u00edtv\u00e1ny sz\u00edvesen fogadja egyszeri vagy rendszeresp\u00e9nzbeli felaj\u00e1nl\u00e1sod, t\u00e1mogat\u00e1sod, melyet banki \u00e1tutal\u00e1ssal, vagy csekken t\u00f6rt\u00e9n\u0151 befizet\u00e9ssel juttathatsz el hozz\u00e1nk neved \u00e9s ad\u00f3azonos\u00edt\u00f3 jeled megjel\u00f6l\u00e9s\u00e9vel.<\/p>\n<p><strong>Banksz\u00e1mlasz\u00e1m: 11701004-20234557<\/strong><br \/>\n<strong>Sz\u00e1mlavezet\u0151 bank: OTP Bank Nyrt.<\/strong><\/p>\n<p>Adom\u00e1nyodr\u00f3l a hat\u00e1lyos ad\u00f3jogszab\u00e1lyoknak megfelel\u0151en Alap\u00edtv\u00e1nyunk ad\u00f3igazol\u00e1st \u00e1ll\u00edt ki, mely alapj\u00e1n a vonatkoz\u00f3 ad\u00f3t\u00f6rv\u00e9nyek szerint ad\u00f3kedvezm\u00e9nyt vehetsz ig\u00e9nybe.<\/p>\n<hr \/>\n<h2><span style=\"color: #c32132;\">Adom\u00e1nyt aj\u00e1nd\u00e9kba!<\/span><\/h2>\n<p>Szerezz \u00f6r\u00f6met szeretteidnek, bar\u00e1taidnak, \u00e9s a Messzehangz\u00f3s gyerekeknek is! Lepd meg csal\u00e1dtagjaidat, ismer\u0151seidet azzal, hogy nev\u00fckben \u2013 egy \u00e1ltalad szabadon v\u00e1lasztott \u00f6sszeggel \u2013 a Messzehangz\u00f3 Tehets\u00e9gek Alap\u00edtv\u00e1nyt t\u00e1mogatod!<\/p>\n<p>P\u00e9nzbeli adom\u00e1nyodr\u00f3l ad\u00f3igazol\u00e1st \u00e1ll\u00edtunk ki, \u00e9s egy apr\u00f3s\u00e1ggal is meglepj\u00fck az aj\u00e1nd\u00e9kozottat!<\/p>\n<hr \/>\n<h2><span style=\"color: #1f64bd;\">Ad\u00f3 1%<\/span><\/h2>\n<p>K\u00f6sz\u00f6nettel vessz\u00fck, ha ad\u00f3d 1%-\u00e1val t\u00e1mogatod munk\u00e1nkat. Az ad\u00f3 1% civil szervezet r\u00e9sz\u00e9re t\u00f6rt\u00e9n\u0151 felaj\u00e1nl\u00e1s\u00e1r\u00f3l b\u0151vebben itt t\u00e1j\u00e9koz\u00f3dhatsz: <a href=\"https:\/\/adjukossze.hu\/1-szazalek\" target=\"_blank\" rel=\"noopener\">https:\/\/adjukossze.hu\/1-szazalek<\/a> \u00e9s <a href=\"https:\/\/nav.gov.hu\/ado\/szja1_1\/11-os-rendelkezes-2025-ben\/11-os-rendelkezes-2024-ben\" target=\"_blank\" rel=\"noopener\">https:\/\/nav.gov.hu\/ado\/szja1_1\/11-os-rendelkezes-2025-ben\/11-os-rendelkezes-2024-ben<\/a><br \/>\nAd\u00f3sz\u00e1m: 18131354-1-41<\/p>\n<p><strong>Felaj\u00e1nl\u00e1sodat az al\u00e1bbi m\u00f3dokon teheted meg 2025. m\u00e1jus 20-ig:<\/strong><\/p>\n<p><strong>Elektronikusan<\/strong><\/p>\n<ul>\n<li><a href=\"https:\/\/eszja.nav.gov.hu\/app\/login\/#login\" target=\"_blank\" rel=\"noopener\">az eSZJA webes fel\u00fcleten<\/a>, online kit\u00f6ltve vagy<\/li>\n<li>az \u00c1NYK-ban a bevall\u00e1ssal egy\u00fctt, annak EGYSZA-lapj\u00e1t is kit\u00f6ltve vagy<br \/>\nk\u00fcl\u00f6n, a 24EGYSZA-nyomtatv\u00e1ny kit\u00f6lt\u00e9s\u00e9vel.<\/li>\n<\/ul>\n<p><strong>Pap\u00edralapon post\u00e1n kereszt\u00fcl, vagy szem\u00e9lyesen, illetve meghatalmazott \u00e1ltal, lez\u00e1rt bor\u00edt\u00e9kban a NAV \u00fcgyf\u00e9lszolg\u00e1latain<\/strong><\/p>\n<ul>\n<li>a szem\u00e9lyij\u00f6vedelemad\u00f3-bevall\u00e1ssal egy\u00fctt, annak EGYSZA-lapj\u00e1t is kit\u00f6ltve,<\/li>\n<li>az e-SZJA-fel\u00fclet kit\u00f6lt\u0151programj\u00e1val k\u00e9sz\u00edtett \u00e9s kinyomtatott nyilatkozaton,<\/li>\n<li>a 24EGYSZA jel\u0171 nyomtatv\u00e1nyon vagy azonos adatokkal a nyilatkozaton, tov\u00e1bb\u00e1<\/li>\n<li>m\u00e1jus 10-ig lez\u00e1rt bor\u00edt\u00e9kban leadva a munk\u00e1ltat\u00f3nak, ha az v\u00e1llalja a nyilatkozatok \u00f6sszegy\u0171jt\u00e9s\u00e9t. A bor\u00edt\u00e9kon a leragaszt\u00e1s hely\u00e9n szerepelnie kell a felaj\u00e1nl\u00f3 al\u00e1\u00edr\u00e1s\u00e1nak.<\/li>\n<\/ul>\n<hr \/>\n<h2><span style=\"color: #2ea658;\">Munkahelyi k\u00f6z\u00f6ss\u00e9gk\u00e9nt \u2013 pro bono szolg\u00e1ltat\u00e1s vagy m\u00e1s felaj\u00e1nl\u00e1s form\u00e1j\u00e1ban<\/span><\/h2>\n<p>A Messzehangz\u00f3 Tehets\u00e9gek Alap\u00edtv\u00e1ny az akt\u00edv t\u00e1rsadalmi szerepv\u00e1llal\u00e1s jegy\u00e9ben keresi a kapcsolatot munkahelyi k\u00f6z\u00f6ss\u00e9gekkel, hogy kis \u00f6sszeg\u0171 vagy term\u00e9szetbeni felaj\u00e1nl\u00e1sokkal (pl. \u00e9tkez\u00e9si utalv\u00e1ny) seg\u00edts\u00e9g\u00e9vel er\u0151s\u00edthesse a v\u00e1llalt tev\u00e9kenys\u00e9geivel egyet\u00e9rt\u0151 t\u00e1mogat\u00f3i b\u00e1zis hossz\u00fa t\u00e1v\u00fa fennmarad\u00e1s\u00e1t.<\/p>\n<p>T\u00f6rekv\u00e9s\u00fcnk a v\u00e1llalatok vezet\u0151it \u00e9rdekelt\u00e9 tenni, hogy t\u00e1mogass\u00e1k munkat\u00e1rsaik k\u00f6z\u00f6ss\u00e9gi adom\u00e1nyoz\u00e1s\u00e1t, az \u00f6sszegy\u0171lt adom\u00e1nyok int\u00e9zm\u00e9nyi r\u00e9szr\u0151l val\u00f3 kieg\u00e9sz\u00edt\u00e9s\u00e9vel is. Ezek a megmozdul\u00e1sok j\u00f3 h\u00edr\u00e9t keltik minden adakoz\u00e1sra nyitott c\u00e9gnek.<\/p>\n<p>Az Alap\u00edtv\u00e1ny c\u00e9ljait t\u00e1mogat\u00f3 v\u00e1llalati partnerek az alap\u00edtv\u00e1nyi kommunik\u00e1ci\u00f3ban val\u00f3 r\u00e9szv\u00e9tel\u00e9t \u2013 ingyenes hirdet\u00e9si fel\u00fcletek biztos\u00edt\u00e1s\u00e1val kiadv\u00e1nyokban, Internetes oldalakon, \u00fajs\u00e1gokban val\u00f3 megjelen\u00e9st \u2013 is k\u00f6sz\u00f6nettel vessz\u00fck.<\/p>\n<p>A seg\u00edts\u00e9get \u00f6r\u00f6mmel fogadjuk szakemberek tud\u00e1s\u00e1nak felaj\u00e1nl\u00e1sak\u00e9nt, a munkat\u00e1rsak pro bono szakmai seg\u00edts\u00e9gny\u00fajt\u00e1sa, h\u00e1tr\u00e1nyos helyzet\u0171 gyermekeknek sz\u00f3l\u00f3 programjainkon val\u00f3 el\u0151ad\u00f3i tev\u00e9kenys\u00e9g form\u00e1j\u00e1ban.<br \/>\nV\u00e1llalatoknak aj\u00e1nlott egy\u00fcttm\u0171k\u00f6d\u00e9seink megtal\u00e1lhat\u00f3k a CSR platform oldal\u00e1n:<br \/>\n<a href=\"https:\/\/www.csrplatform.hu\/hu\/szervezetek\/meta.html\" target=\"_blank\" rel=\"noopener\">https:\/\/www.csrplatform.hu\/hu\/szervezetek\/meta.html<\/a><\/p>\n<p>Tegy\u00e9tek jobb\u00e1 m\u00e1sok kar\u00e1csony\u00e1t c\u00e9ges aj\u00e1nd\u00e9koz\u00e1s helyett! Az Aj\u00e1nd\u00e9kozz m\u00e1sk\u00e9pp oldal\u00e1n kereszt\u00fcl \u00fczleti partnereiddel az aj\u00e1nd\u00e9kokra sz\u00e1nt \u00f6sszeggel megegyez\u0151 \u00e9rt\u00e9kben egy kiv\u00e1lasztott szervezet munk\u00e1j\u00e1t \u00e9s tev\u00e9kenys\u00e9g\u00e9t t\u00e1mogathatj\u00e1tok.<\/p>\n<p>Az aj\u00e1nd\u00e9kozz m\u00e1sk\u00e9pp:<br \/>\n<a href=\"https:\/\/ajandekozzmaskepp.hu\/\" target=\"_blank\" rel=\"noopener\">https:\/\/ajandekozzmaskepp.hu\/<\/a><\/p>\n<hr \/>\n<p><strong>Banksz\u00e1mlasz\u00e1m: 11701004-20234557<\/strong><br \/>\n<strong>Sz\u00e1mlavezet\u0151 bank: OTP Bank Nyrt.<\/strong><\/p>\n<p><strong>Adom\u00e1ny\u00e1r\u00f3l a hat\u00e1lyos ad\u00f3jogszab\u00e1lyoknak megfelel\u0151en Alap\u00edtv\u00e1nyunk ad\u00f3igazol\u00e1st \u00e1ll\u00edt ki, melynek alapj\u00e1n c\u00e9ge a vonatkoz\u00f3 ad\u00f3t\u00f6rv\u00e9nyek szerint ad\u00f3kedvezm\u00e9nyt vehet ig\u00e9nybe.<\/strong><\/p>\n<hr \/>\n<p><img loading=\"lazy\" decoding=\"async\" class=\"alignnone size-full wp-image-882\" src=\"https:\/\/messzehangzo.hu\/new\/wp-content\/uploads\/2024\/01\/tamogatoi_logok.jpg\" alt=\"\" width=\"800\" height=\"284\" srcset=\"https:\/\/messzehangzo.hu\/new\/wp-content\/uploads\/2024\/01\/tamogatoi_logok.jpg 800w, https:\/\/messzehangzo.hu\/new\/wp-content\/uploads\/2024\/01\/tamogatoi_logok-300x107.jpg 300w, https:\/\/messzehangzo.hu\/new\/wp-content\/uploads\/2024\/01\/tamogatoi_logok-768x273.jpg 768w\" sizes=\"auto, (max-width: 800px) 100vw, 800px\" \/><\/p>\n","protected":false},"excerpt":{"rendered":"<p>T\u00e1mogatn\u00e1l minket? \u00cdgy tudsz seg\u00edteni! Banksz\u00e1mlasz\u00e1m: 11701004-20234557 Mag\u00e1nszem\u00e9lyk\u00e9nt A Messzehangz\u00f3 Tehets\u00e9gek Alap\u00edtv\u00e1ny sz\u00edvesen fogadja egyszeri vagy rendszeresp\u00e9nzbeli felaj\u00e1nl\u00e1sod, t\u00e1mogat\u00e1sod, melyet banki \u00e1tutal\u00e1ssal, vagy csekken t\u00f6rt\u00e9n\u0151 befizet\u00e9ssel juttathatsz el hozz\u00e1nk neved&hellip;<\/p>\n","protected":false},"author":1,"featured_media":734,"parent":0,"menu_order":0,"comment_status":"closed","ping_status":"closed","template":"","meta":{"footnotes":""},"categories":[],"tags":[],"class_list":["post-253","page","type-page","status-publish","has-post-thumbnail","hentry"],"_links":{"self":[{"href":"https:\/\/messzehangzo.hu\/new\/index.php\/wp-json\/wp\/v2\/pages\/253","targetHints":{"allow":["GET"]}}],"collection":[{"href":"https:\/\/messzehangzo.hu\/new\/index.php\/wp-json\/wp\/v2\/pages"}],"about":[{"href":"https:\/\/messzehangzo.hu\/new\/index.php\/wp-json\/wp\/v2\/types\/page"}],"author":[{"embeddable":true,"href":"https:\/\/messzehangzo.hu\/new\/index.php\/wp-json\/wp\/v2\/users\/1"}],"replies":[{"embeddable":true,"href":"https:\/\/messzehangzo.hu\/new\/index.php\/wp-json\/wp\/v2\/comments?post=253"}],"version-history":[{"count":11,"href":"https:\/\/messzehangzo.hu\/new\/index.php\/wp-json\/wp\/v2\/pages\/253\/revisions"}],"predecessor-version":[{"id":908,"href":"https:\/\/messzehangzo.hu\/new\/index.php\/wp-json\/wp\/v2\/pages\/253\/revisions\/908"}],"wp:featuredmedia":[{"embeddable":true,"href":"https:\/\/messzehangzo.hu\/new\/index.php\/wp-json\/wp\/v2\/media\/734"}],"wp:attachment":[{"href":"https:\/\/messzehangzo.hu\/new\/index.php\/wp-json\/wp\/v2\/media?parent=253"}],"wp:term":[{"taxonomy":"category","embeddable":true,"href":"https:\/\/messzehangzo.hu\/new\/index.php\/wp-json\/wp\/v2\/categories?post=253"},{"taxonomy":"post_tag","embeddable":true,"href":"https:\/\/messzehangzo.hu\/new\/index.php\/wp-json\/wp\/v2\/tags?post=253"}],"curies":[{"name":"wp","href":"https:\/\/api.w.org\/{rel}","templated":true}]}}