{"id":18,"date":"2022-06-28T14:49:33","date_gmt":"2022-06-28T14:49:33","guid":{"rendered":"https:\/\/messzehangzo.hu\/new\/?page_id=18"},"modified":"2022-07-23T05:18:40","modified_gmt":"2022-07-23T05:18:40","slug":"kikkel-csinaljuk","status":"publish","type":"page","link":"https:\/\/messzehangzo.hu\/new\/index.php\/kikkel-csinaljuk\/","title":{"rendered":"Kikkel csin\u00e1ljuk?"},"content":{"rendered":"<p>Tehets\u00e9ggondoz\u00f3 programjainkat <a href=\"https:\/\/messzehangzo.hu\/new\/index.php\/onkentesek\/\">\u00f6nk\u00e9ntes szakemberek<\/a>, ismert m\u0171v\u00e9szek vezet\u00e9s\u00e9vel szervezz\u00fck.<\/p>\n<p><!--more--><\/p>\n<p><a href=\"https:\/\/messzehangzo.hu\/new\/index.php\/tamogass\/\">T\u00c1MOGATN\u00c1L MINKET? \u00cdGY TUDSZ SEG\u00cdTENI!<\/a><\/p>\n<p>Minden seg\u00edts\u00e9g sz\u00e1m\u00edt! Mag\u00e1nszem\u00e9lyk\u00e9nt, gazdas\u00e1gi t\u00e1rsas\u00e1gk\u00e9nt vagy munkahelyi k\u00f6z\u00f6ss\u00e9gk\u00e9nt Te is hozz\u00e1j\u00e1rulhatsz ahhoz, hogy a Messzehangz\u00f3 Tehets\u00e9gek Alap\u00edtv\u00e1ny \u00e1ltal szervezett, a r\u00e9sztvev\u0151k sz\u00e1m\u00e1ra t\u00e9r\u00edt\u00e9smentesen el\u00e9rhet\u0151 tehets\u00e9gfejleszt\u0151 programokon min\u00e9l t\u00f6bb, neh\u00e9z k\u00f6r\u00fclm\u00e9nyek k\u00f6z\u00f6tt \u00e9l\u0151 gyermek vehessen r\u00e9szt!<br \/>\nK\u00f6sz\u00f6nj\u00fck, ha lehet\u0151s\u00e9geidhez m\u00e9rten eseti vagy rendszeres p\u00e9nzbeli hozz\u00e1j\u00e1rul\u00e1ssal vagy m\u00e1s adom\u00e1nnyal, esetleg pro bono szolg\u00e1ltat\u00e1ssal, \u00f6nk\u00e9ntes szak\u00e9rt\u0151i t\u00e1mogat\u00e1ssal seg\u00edted c\u00e9ljaink megval\u00f3s\u00edt\u00e1s\u00e1t.<\/p>\n","protected":false},"excerpt":{"rendered":"<p>Tehets\u00e9ggondoz\u00f3 programjainkat \u00f6nk\u00e9ntes szakemberek, ismert m\u0171v\u00e9szek vezet\u00e9s\u00e9vel szervezz\u00fck.<\/p>\n","protected":false},"author":1,"featured_media":250,"parent":0,"menu_order":0,"comment_status":"closed","ping_status":"closed","template":"","meta":{"footnotes":""},"categories":[],"tags":[],"class_list":["post-18","page","type-page","status-publish","has-post-thumbnail","hentry"],"_links":{"self":[{"href":"https:\/\/messzehangzo.hu\/new\/index.php\/wp-json\/wp\/v2\/pages\/18","targetHints":{"allow":["GET"]}}],"collection":[{"href":"https:\/\/messzehangzo.hu\/new\/index.php\/wp-json\/wp\/v2\/pages"}],"about":[{"href":"https:\/\/messzehangzo.hu\/new\/index.php\/wp-json\/wp\/v2\/types\/page"}],"author":[{"embeddable":true,"href":"https:\/\/messzehangzo.hu\/new\/index.php\/wp-json\/wp\/v2\/users\/1"}],"replies":[{"embeddable":true,"href":"https:\/\/messzehangzo.hu\/new\/index.php\/wp-json\/wp\/v2\/comments?post=18"}],"version-history":[{"count":4,"href":"https:\/\/messzehangzo.hu\/new\/index.php\/wp-json\/wp\/v2\/pages\/18\/revisions"}],"predecessor-version":[{"id":358,"href":"https:\/\/messzehangzo.hu\/new\/index.php\/wp-json\/wp\/v2\/pages\/18\/revisions\/358"}],"wp:featuredmedia":[{"embeddable":true,"href":"https:\/\/messzehangzo.hu\/new\/index.php\/wp-json\/wp\/v2\/media\/250"}],"wp:attachment":[{"href":"https:\/\/messzehangzo.hu\/new\/index.php\/wp-json\/wp\/v2\/media?parent=18"}],"wp:term":[{"taxonomy":"category","embeddable":true,"href":"https:\/\/messzehangzo.hu\/new\/index.php\/wp-json\/wp\/v2\/categories?post=18"},{"taxonomy":"post_tag","embeddable":true,"href":"https:\/\/messzehangzo.hu\/new\/index.php\/wp-json\/wp\/v2\/tags?post=18"}],"curies":[{"name":"wp","href":"https:\/\/api.w.org\/{rel}","templated":true}]}}