{"id":15,"date":"2022-06-28T14:49:12","date_gmt":"2022-06-28T14:49:12","guid":{"rendered":"https:\/\/messzehangzo.hu\/new\/?page_id=15"},"modified":"2022-07-23T05:18:31","modified_gmt":"2022-07-23T05:18:31","slug":"hogyan-csinaljuk","status":"publish","type":"page","link":"https:\/\/messzehangzo.hu\/new\/index.php\/hogyan-csinaljuk\/","title":{"rendered":"Hogyan csin\u00e1ljuk?"},"content":{"rendered":"<p>Non-form\u00e1lis, j\u00e1t\u00e9kos, szakemberek \u00e1ltal kifejlesztett komplex gazdag\u00edt\u00f3 programmal dolgozunk.<\/p>\n<p><!--more--><\/p>\n<p>Az alap\u00edtv\u00e1ny m\u00f3dszertan\u00e1t tehets\u00e9gfejleszt\u0151, pszichol\u00f3gus \u00e9s gy\u00f3gypedag\u00f3gus szakemberek dolgozt\u00e1k ki. Els\u0151dleges hangs\u00falyt kap benne a komplexit\u00e1s elve \u00e9s a szem\u00e9lyis\u00e9g fejleszt\u00e9se, valamint a projektm\u00f3dszer. A j\u00e1t\u00e9kos, interakt\u00edv, iskol\u00e1n k\u00edv\u00fcli programok lehet\u0151s\u00e9get adnak a gyermekek \u00e9rdekl\u0151d\u00e9si k\u00f6r\u00e9nek t\u00e1g\u00edt\u00e1s\u00e1ra, speci\u00e1lis k\u00e9pess\u00e9geik, \u00f6n\u00e9rt\u00e9kel\u00e9s\u00fck \u00e9s kreativit\u00e1suk fejleszt\u00e9s\u00e9re. K\u00fcl\u00f6nf\u00e9le ter\u00fcletekr\u0151l \u00e9rkez\u0151, szakk\u00e9pzett \u00f6nk\u00e9ntesekkel dolgozunk egy\u00fctt.<\/p>\n","protected":false},"excerpt":{"rendered":"<p>Non-form\u00e1lis, j\u00e1t\u00e9kos, szakemberek \u00e1ltal kifejlesztett komplex gazdag\u00edt\u00f3 programmal dolgozunk.<\/p>\n","protected":false},"author":1,"featured_media":247,"parent":0,"menu_order":0,"comment_status":"closed","ping_status":"closed","template":"","meta":{"footnotes":""},"categories":[],"tags":[],"class_list":["post-15","page","type-page","status-publish","has-post-thumbnail","hentry"],"_links":{"self":[{"href":"https:\/\/messzehangzo.hu\/new\/index.php\/wp-json\/wp\/v2\/pages\/15","targetHints":{"allow":["GET"]}}],"collection":[{"href":"https:\/\/messzehangzo.hu\/new\/index.php\/wp-json\/wp\/v2\/pages"}],"about":[{"href":"https:\/\/messzehangzo.hu\/new\/index.php\/wp-json\/wp\/v2\/types\/page"}],"author":[{"embeddable":true,"href":"https:\/\/messzehangzo.hu\/new\/index.php\/wp-json\/wp\/v2\/users\/1"}],"replies":[{"embeddable":true,"href":"https:\/\/messzehangzo.hu\/new\/index.php\/wp-json\/wp\/v2\/comments?post=15"}],"version-history":[{"count":4,"href":"https:\/\/messzehangzo.hu\/new\/index.php\/wp-json\/wp\/v2\/pages\/15\/revisions"}],"predecessor-version":[{"id":248,"href":"https:\/\/messzehangzo.hu\/new\/index.php\/wp-json\/wp\/v2\/pages\/15\/revisions\/248"}],"wp:featuredmedia":[{"embeddable":true,"href":"https:\/\/messzehangzo.hu\/new\/index.php\/wp-json\/wp\/v2\/media\/247"}],"wp:attachment":[{"href":"https:\/\/messzehangzo.hu\/new\/index.php\/wp-json\/wp\/v2\/media?parent=15"}],"wp:term":[{"taxonomy":"category","embeddable":true,"href":"https:\/\/messzehangzo.hu\/new\/index.php\/wp-json\/wp\/v2\/categories?post=15"},{"taxonomy":"post_tag","embeddable":true,"href":"https:\/\/messzehangzo.hu\/new\/index.php\/wp-json\/wp\/v2\/tags?post=15"}],"curies":[{"name":"wp","href":"https:\/\/api.w.org\/{rel}","templated":true}]}}