{"id":12,"date":"2022-06-28T14:48:53","date_gmt":"2022-06-28T14:48:53","guid":{"rendered":"https:\/\/messzehangzo.hu\/new\/?page_id=12"},"modified":"2022-07-23T05:18:45","modified_gmt":"2022-07-23T05:18:45","slug":"mit-csinalunk","status":"publish","type":"page","link":"https:\/\/messzehangzo.hu\/new\/index.php\/mit-csinalunk\/","title":{"rendered":"Mit csin\u00e1lunk?"},"content":{"rendered":"<p>Iskol\u00e1n k\u00edv\u00fcli, komplex tehets\u00e9ggondoz\u00f3 programokat a m\u0171v\u00e9szetek, term\u00e9szettudom\u00e1nyok \u00e9s az informatika ter\u00fclet\u00e9n.<!--more--><\/p>\n<p>2008 \u00f3ta t\u00e1mogatjuk iskol\u00e1n k\u00edv\u00fcli tehets\u00e9ggondoz\u00f3 programok szervez\u00e9s\u00e9vel a koroszt\u00e1lyukb\u00f3l kiemelked\u0151 k\u00e9pess\u00e9ggel b\u00edr\u00f3, neh\u00e9z k\u00f6r\u00fclm\u00e9nyek k\u00f6z\u00f6tt \u00e9l\u0151 gyermekek tehets\u00e9gfejleszt\u00e9s\u00e9t a m\u0171v\u00e9szetek, term\u00e9szettudom\u00e1nyok \u00e9s az informatika ter\u00fclet\u00e9n. T\u00e9r\u00edt\u00e9smentes tehets\u00e9gfejleszt\u0151 \u00e9vk\u00f6zi programjainkkal \u00e9s t\u00e1borainkkal, valamint \u00f6szt\u00f6nd\u00edjrendszer\u00fcnkkel kb. \u00e9vente 1000 f\u0151 magyarorsz\u00e1gi \u00e9s hat\u00e1ront\u00fali, 12-18 \u00e9ves di\u00e1kot \u00e9r\u00fcnk el.A tehets\u00e9gfejleszt\u0151 munk\u00e1t k\u00e9pzett szakemberek \u00e9s \u00f6nk\u00e9ntesek v\u00e9gzik.<\/p>\n<p><a href=\"https:\/\/messzehangzo.hu\/new\/index.php\/nyari-taborok\/\">NY\u00c1RI T\u00c1BOR<\/a><\/p>\n<p><a href=\"https:\/\/messzehangzo.hu\/new\/index.php\/tehetseg-tamogatasi-rendszer\/\">\u00d6SZT\u00d6ND\u00cdJ<\/a><\/p>\n<p><a href=\"https:\/\/messzehangzo.hu\/new\/index.php\/evkozi-esemenyek\/\">\u00c9VK\u00d6ZI PROGRAMOK<\/a><\/p>\n","protected":false},"excerpt":{"rendered":"<p>Iskol\u00e1n k\u00edv\u00fcli, komplex tehets\u00e9ggondoz\u00f3 programokat a m\u0171v\u00e9szetek, term\u00e9szettudom\u00e1nyok \u00e9s az informatika ter\u00fclet\u00e9n.<\/p>\n","protected":false},"author":1,"featured_media":244,"parent":0,"menu_order":0,"comment_status":"closed","ping_status":"closed","template":"","meta":{"footnotes":""},"categories":[],"tags":[],"class_list":["post-12","page","type-page","status-publish","has-post-thumbnail","hentry"],"_links":{"self":[{"href":"https:\/\/messzehangzo.hu\/new\/index.php\/wp-json\/wp\/v2\/pages\/12","targetHints":{"allow":["GET"]}}],"collection":[{"href":"https:\/\/messzehangzo.hu\/new\/index.php\/wp-json\/wp\/v2\/pages"}],"about":[{"href":"https:\/\/messzehangzo.hu\/new\/index.php\/wp-json\/wp\/v2\/types\/page"}],"author":[{"embeddable":true,"href":"https:\/\/messzehangzo.hu\/new\/index.php\/wp-json\/wp\/v2\/users\/1"}],"replies":[{"embeddable":true,"href":"https:\/\/messzehangzo.hu\/new\/index.php\/wp-json\/wp\/v2\/comments?post=12"}],"version-history":[{"count":4,"href":"https:\/\/messzehangzo.hu\/new\/index.php\/wp-json\/wp\/v2\/pages\/12\/revisions"}],"predecessor-version":[{"id":246,"href":"https:\/\/messzehangzo.hu\/new\/index.php\/wp-json\/wp\/v2\/pages\/12\/revisions\/246"}],"wp:featuredmedia":[{"embeddable":true,"href":"https:\/\/messzehangzo.hu\/new\/index.php\/wp-json\/wp\/v2\/media\/244"}],"wp:attachment":[{"href":"https:\/\/messzehangzo.hu\/new\/index.php\/wp-json\/wp\/v2\/media?parent=12"}],"wp:term":[{"taxonomy":"category","embeddable":true,"href":"https:\/\/messzehangzo.hu\/new\/index.php\/wp-json\/wp\/v2\/categories?post=12"},{"taxonomy":"post_tag","embeddable":true,"href":"https:\/\/messzehangzo.hu\/new\/index.php\/wp-json\/wp\/v2\/tags?post=12"}],"curies":[{"name":"wp","href":"https:\/\/api.w.org\/{rel}","templated":true}]}}