{"id":115,"date":"2022-06-29T05:01:34","date_gmt":"2022-06-29T05:01:34","guid":{"rendered":"https:\/\/messzehangzo.hu\/new\/?page_id=115"},"modified":"2024-07-12T08:55:17","modified_gmt":"2024-07-12T08:55:17","slug":"evkozi-esemenyek","status":"publish","type":"page","link":"https:\/\/messzehangzo.hu\/new\/index.php\/evkozi-esemenyek\/","title":{"rendered":"\u00c9vk\u00f6zi esem\u00e9nyek"},"content":{"rendered":"<p>A rendszeresen, az iskolai tan\u00e9v rendj\u00e9hez igazod\u00f3an zajl\u00f3\u00a0<strong>tehets\u00e9gfejleszt\u0151 m\u0171helyeink, valamint egyszeri workshop alkalmaink<\/strong>\u00a0\u00e9s nagyszab\u00e1s\u00fa rendezv\u00e9ny\u00fcnk orsz\u00e1gszerte ker\u00fclnek megrendez\u00e9sre.<\/p>\n<p>A csoportos tematikus foglalkoz\u00e1sok k\u00fcl\u00f6nf\u00e9le koroszt\u00e1lyokat \u00e9s ter\u00fcleteket \u00e9rintenek: a\u00a0<strong>k\u00e9pz\u0151m\u0171v\u00e9szeti<\/strong>\u00a0alkot\u00f3m\u0171helyt\u0151l kezdve a gimnazist\u00e1knak sz\u00f3l\u00f3\u00a0<strong>k\u00f6zgazdas\u00e1gi<\/strong>\u00a0el\u0151ad\u00e1son \u00e9s a\u00a0<strong>kamasz \u00f6nismereti<\/strong>\u00a0csoporton \u00e1t az\u00a0<strong>\u00e1ltal\u00e1nos iskolai informatikai<\/strong>\u00a0tanfolyamig vagy az \u00e1tmeneti otthonban \u00e9l\u0151 gyermekeknek szervezett\u00a0<strong>szabadid\u0151s programokig<\/strong>\u00a0nagyon sz\u00e9les a paletta.<\/p>\n<p><strong>Minden esetben a tehets\u00e9g kibontakoztat\u00e1s\u00e1ra \u00e9s a szem\u00e9lyis\u00e9g fejleszt\u00e9s\u00e9re ir\u00e1nyul a foglalkoz\u00e1s.<\/strong>\u00a0A tematikus \u00e9vk\u00f6zi programokat interakt\u00edv, gyakorlati, komplex, \u00e9lm\u00e9nyalap\u00fa tud\u00e1s\u00e1tad\u00f3 m\u00f3dszerekkel val\u00f3s\u00edtjuk meg.<\/p>\n<h3><span style=\"color: #c32132;\">Aktu\u00e1lis programjaink<\/span><\/h3>\n<ul class=\"lcp_catlist\" id=\"lcp_instance_0\"><li><a href=\"https:\/\/messzehangzo.hu\/new\/index.php\/2023\/05\/17\/legyel-te-is-messzehangzo-tehetseg\/\">Legy\u00e9l Te is Messzehangz\u00f3 Tehets\u00e9g!<\/a><\/li><\/ul>\n<h3><span style=\"color: #1f64bd;\"><strong>Kor\u00e1bbi programjaink<\/strong><\/span><\/h3>\n<ul class=\"lcp_catlist\" id=\"lcp_instance_0\"><li><a href=\"https:\/\/messzehangzo.hu\/new\/index.php\/2022\/06\/28\/meta-onismereti-tabor-2021-beszamolo\/\">META \u00d6nismereti t\u00e1bor 2021 \u2013 Besz\u00e1mol\u00f3<\/a><\/li><li><a href=\"https:\/\/messzehangzo.hu\/new\/index.php\/2022\/06\/27\/meta-muveszeti-es-termeszettudomanyos-tabor-2021-beszamolo\/\">META M\u0171v\u00e9szeti \u00e9s Term\u00e9szettudom\u00e1nyos t\u00e1bor 2021 \u2013 Besz\u00e1mol\u00f3<\/a><\/li><li><a href=\"https:\/\/messzehangzo.hu\/new\/index.php\/2022\/06\/26\/digitalis-temanap-infokommunikacios-workshop-osztalyoknak\/\">Digit\u00e1lis T\u00e9manap: Infokommunik\u00e1ci\u00f3s Workshop oszt\u00e1lyoknak<\/a><\/li><li><a href=\"https:\/\/messzehangzo.hu\/new\/index.php\/2022\/06\/26\/messzehangzo-as-an-etsn-member\/\">Messzehangz\u00f3 as an ETSN Member<\/a><\/li><li><a href=\"https:\/\/messzehangzo.hu\/new\/index.php\/2022\/06\/25\/tancgondolatok-muveszeti-tehetseggondozo-program\/\">T\u00c1NCGONDOLATOK- m\u0171v\u00e9szeti tehets\u00e9ggondoz\u00f3 program<\/a><\/li><li><a href=\"https:\/\/messzehangzo.hu\/new\/index.php\/2022\/06\/23\/infokommunikacios-muhely-az-omd-mediaugynokseg-fiatal-szakembereivel\/\">Infokommunik\u00e1ci\u00f3s m\u0171hely az OMD m\u00e9dia\u00fcgyn\u00f6ks\u00e9g fiatal szakembereivel<\/a><\/li><li><a href=\"https:\/\/messzehangzo.hu\/new\/index.php\/2022\/06\/15\/fenntarthatosagi-temanap-program-osztalyoknak\/\">Fenntarthat\u00f3s\u00e1gi T\u00e9manap \u2013 program oszt\u00e1lyoknak<\/a><\/li><li><a href=\"https:\/\/messzehangzo.hu\/new\/index.php\/2022\/06\/14\/ki-kell-a-tehetseghez-erte-m-te-tted-dij-2018-atado-esemeny\/\">Ki kell a tehets\u00e9ghez? \u00c9RTE-m TE-tted D\u00edj 2018 \u2013 \u00e1tad\u00f3 esem\u00e9ny<\/a><\/li><li><a href=\"https:\/\/messzehangzo.hu\/new\/index.php\/2022\/06\/12\/beszamolo-csodalatos-kockazatok-jotekonysagi-es-edukacios-rekordkiserlet\/\">Besz\u00e1mol\u00f3: Csod\u00e1latos KOCK\u00c1zatok \u2013 j\u00f3t\u00e9konys\u00e1gi \u00e9s eduk\u00e1ci\u00f3s rekordk\u00eds\u00e9rlet<\/a><\/li><li><a href=\"https:\/\/messzehangzo.hu\/new\/index.php\/2022\/06\/09\/2017-ben-is-meses-epiteszet-interaktiv-ismeretterjeszto-gyermekfoglalkozas\/\">2017-ben is Mes\u00e9s \u00e9p\u00edt\u00e9szet interakt\u00edv, ismeretterjeszt\u0151 gyermekfoglalkoz\u00e1s<\/a><\/li><\/ul>\n","protected":false},"excerpt":{"rendered":"<p>A rendszeresen, az iskolai tan\u00e9v rendj\u00e9hez igazod\u00f3an zajl\u00f3\u00a0tehets\u00e9gfejleszt\u0151 m\u0171helyeink, valamint egyszeri workshop alkalmaink\u00a0\u00e9s nagyszab\u00e1s\u00fa rendezv\u00e9ny\u00fcnk orsz\u00e1gszerte ker\u00fclnek megrendez\u00e9sre. A csoportos tematikus foglalkoz\u00e1sok k\u00fcl\u00f6nf\u00e9le koroszt\u00e1lyokat \u00e9s ter\u00fcleteket \u00e9rintenek: a\u00a0k\u00e9pz\u0151m\u0171v\u00e9szeti\u00a0alkot\u00f3m\u0171helyt\u0151l kezdve a&hellip;<\/p>\n","protected":false},"author":1,"featured_media":117,"parent":0,"menu_order":0,"comment_status":"closed","ping_status":"closed","template":"","meta":{"footnotes":""},"categories":[],"tags":[],"class_list":["post-115","page","type-page","status-publish","has-post-thumbnail","hentry"],"_links":{"self":[{"href":"https:\/\/messzehangzo.hu\/new\/index.php\/wp-json\/wp\/v2\/pages\/115","targetHints":{"allow":["GET"]}}],"collection":[{"href":"https:\/\/messzehangzo.hu\/new\/index.php\/wp-json\/wp\/v2\/pages"}],"about":[{"href":"https:\/\/messzehangzo.hu\/new\/index.php\/wp-json\/wp\/v2\/types\/page"}],"author":[{"embeddable":true,"href":"https:\/\/messzehangzo.hu\/new\/index.php\/wp-json\/wp\/v2\/users\/1"}],"replies":[{"embeddable":true,"href":"https:\/\/messzehangzo.hu\/new\/index.php\/wp-json\/wp\/v2\/comments?post=115"}],"version-history":[{"count":7,"href":"https:\/\/messzehangzo.hu\/new\/index.php\/wp-json\/wp\/v2\/pages\/115\/revisions"}],"predecessor-version":[{"id":487,"href":"https:\/\/messzehangzo.hu\/new\/index.php\/wp-json\/wp\/v2\/pages\/115\/revisions\/487"}],"wp:featuredmedia":[{"embeddable":true,"href":"https:\/\/messzehangzo.hu\/new\/index.php\/wp-json\/wp\/v2\/media\/117"}],"wp:attachment":[{"href":"https:\/\/messzehangzo.hu\/new\/index.php\/wp-json\/wp\/v2\/media?parent=115"}],"wp:term":[{"taxonomy":"category","embeddable":true,"href":"https:\/\/messzehangzo.hu\/new\/index.php\/wp-json\/wp\/v2\/categories?post=115"},{"taxonomy":"post_tag","embeddable":true,"href":"https:\/\/messzehangzo.hu\/new\/index.php\/wp-json\/wp\/v2\/tags?post=115"}],"curies":[{"name":"wp","href":"https:\/\/api.w.org\/{rel}","templated":true}]}}